{"id":5687,"date":"2026-03-25T09:28:48","date_gmt":"2026-03-25T08:28:48","guid":{"rendered":"https:\/\/sympatient.com\/?page_id=5687"},"modified":"2026-03-25T15:39:10","modified_gmt":"2026-03-25T14:39:10","slug":"barrierefreiheitserklaerung","status":"publish","type":"page","link":"https:\/\/sympatient.com\/en\/barrierefreiheitserklaerung\/","title":{"rendered":"Barrierefreiheitserkl\u00e4rung"},"content":{"rendered":"\t\t<div data-elementor-type=\"wp-page\" data-elementor-id=\"5687\" class=\"elementor elementor-5687\" data-elementor-post-type=\"page\">\n\t\t\t\t\t\t<section class=\"elementor-section elementor-top-section elementor-element elementor-element-63ba6d8 elementor-section-boxed elementor-section-height-default elementor-section-height-default\" data-id=\"63ba6d8\" data-element_type=\"section\" data-e-type=\"section\" data-settings=\"{&quot;background_background&quot;:&quot;gradient&quot;}\">\n\t\t\t\t\t\t<div class=\"elementor-container elementor-column-gap-default\">\n\t\t\t\t\t<div class=\"elementor-column elementor-col-100 elementor-top-column elementor-element elementor-element-ab6b97f\" data-id=\"ab6b97f\" data-element_type=\"column\" data-e-type=\"column\">\n\t\t\t<div class=\"elementor-widget-wrap elementor-element-populated\">\n\t\t\t\t\t\t<div class=\"elementor-element elementor-element-ca218c7 elementor-widget elementor-widget-heading\" data-id=\"ca218c7\" data-element_type=\"widget\" data-e-type=\"widget\" data-widget_type=\"heading.default\">\n\t\t\t\t<div class=\"elementor-widget-container\">\n\t\t\t\t\t<h1 class=\"elementor-heading-title elementor-size-default\">Barrierefreiheitserkl\u00e4rung (German)<\/h1>\t\t\t\t<\/div>\n\t\t\t\t<\/div>\n\t\t\t\t<div class=\"elementor-element elementor-element-b5f2c44 elementor-widget elementor-widget-text-editor\" data-id=\"b5f2c44\" data-element_type=\"widget\" data-e-type=\"widget\" data-widget_type=\"text-editor.default\">\n\t\t\t\t<div class=\"elementor-widget-container\">\n\t\t\t\t\t\t\t\t\t<p data-local-id=\"23c353b3-48cc-4794-ad7a-384bfcb6e57f\" data-prosemirror-content-type=\"node\" data-prosemirror-node-name=\"paragraph\" data-prosemirror-node-block=\"true\"><strong data-prosemirror-content-type=\"mark\" data-prosemirror-mark-name=\"strong\">1. Einleitung<\/strong><br data-prosemirror-content-type=\"node\" data-prosemirror-node-name=\"hardBreak\" data-prosemirror-node-inline=\"true\" \/>Sympatient setzt sich daf\u00fcr ein, seine digitalen Angebote so barrierefrei wie m\u00f6glich zu gestalten, um allen Nutzer:innen den gleichberechtigten Zugang zu Informationen und Funktionen zu erm\u00f6glichen. Diese Erkl\u00e4rung gilt f\u00fcr die Website <a href=\"http:\/\/invirto.de\" data-prosemirror-content-type=\"mark\" data-prosemirror-mark-name=\"link\">Invirto.de<\/a>, <a href=\"http:\/\/Beavivo.de\" data-prosemirror-content-type=\"mark\" data-prosemirror-mark-name=\"link\">Beavivo.de<\/a>, <a href=\"http:\/\/www.sympatient.com\">Sympatient.com<\/a> und orientiert sich an den Vorgaben des <em data-prosemirror-content-type=\"mark\" data-prosemirror-mark-name=\"em\">European Accessibility Act (EU 2019\/882)<\/em>, der europ\u00e4ischen Norm <em data-prosemirror-content-type=\"mark\" data-prosemirror-mark-name=\"em\">EN 301 549 (V3.2.1)<\/em> sowie den <em data-prosemirror-content-type=\"mark\" data-prosemirror-mark-name=\"em\">Web Content Accessibility Guidelines (WCAG 2.2, Level AA)<\/em>.<\/p><p data-local-id=\"b488da7a-e018-46fa-b1fa-b7128d1d6e42\" data-prosemirror-content-type=\"node\" data-prosemirror-node-name=\"paragraph\" data-prosemirror-node-block=\"true\"><strong data-prosemirror-content-type=\"mark\" data-prosemirror-mark-name=\"strong\">2. Aktueller Status der Barrierefreiheit<\/strong><br data-prosemirror-content-type=\"node\" data-prosemirror-node-name=\"hardBreak\" data-prosemirror-node-inline=\"true\" \/>Unsere Websites sind <strong data-prosemirror-content-type=\"mark\" data-prosemirror-mark-name=\"strong\">teilweise barrierefrei<\/strong>. Einige Inhalte und Funktionen erf\u00fcllen bereits die Anforderungen der WCAG 2.2 AA, andere werden derzeit \u00fcberarbeitet.<\/p><p data-local-id=\"098779ef-fa3b-4bfb-aa12-a9d8d24688ba\" data-prosemirror-content-type=\"node\" data-prosemirror-node-name=\"paragraph\" data-prosemirror-node-block=\"true\">Bekannte Einschr\u00e4nkungen (Stand 11.03.2026):<\/p><ul><li>Einzelne <strong data-prosemirror-content-type=\"mark\" data-prosemirror-mark-name=\"strong\">Videos<\/strong> enthalten noch keine Untertitel oder Transkriptionen.<\/li><li>Farbkontraste in bestimmten Bereichen entsprechen noch nicht vollst\u00e4ndig WCAG 2.2 AA.<\/li><li>Einige <strong data-prosemirror-content-type=\"mark\" data-prosemirror-mark-name=\"strong\">interaktive Elemente<\/strong> sind nur eingeschr\u00e4nkt per Tastatur bedienbar.<\/li><li><p data-renderer-start-pos=\"961\" data-local-id=\"de45185f69d6\"><mark id=\"f805c0fb-3d36-4db3-b7fe-847126706de8\" class=\"css-100s7ye\" tabindex=\"0\" role=\"button\" data-renderer-mark=\"true\" data-mark-type=\"annotation\" data-mark-annotation-type=\"inlineComment\" data-id=\"f805c0fb-3d36-4db3-b7fe-847126706de8\" aria-details=\"f805c0fb-3d36-4db3-b7fe-847126706de8\" aria-expanded=\"false\" data-mark-annotation-state=\"active\" data-has-focus=\"false\" data-is-hovered=\"false\">In einigen <\/mark><strong data-renderer-mark=\"true\"><mark id=\"f805c0fb-3d36-4db3-b7fe-847126706de8\" class=\"css-100s7ye\" tabindex=\"0\" role=\"button\" data-renderer-mark=\"true\" data-mark-type=\"annotation\" data-mark-annotation-type=\"inlineComment\" data-id=\"f805c0fb-3d36-4db3-b7fe-847126706de8\" aria-details=\"f805c0fb-3d36-4db3-b7fe-847126706de8\" aria-expanded=\"false\" data-mark-annotation-state=\"active\" data-has-focus=\"false\" data-is-hovered=\"false\">Formularen <\/mark><\/strong><mark id=\"f805c0fb-3d36-4db3-b7fe-847126706de8\" class=\"css-100s7ye\" tabindex=\"0\" role=\"button\" data-renderer-mark=\"true\" data-mark-type=\"annotation\" data-mark-annotation-type=\"inlineComment\" data-id=\"f805c0fb-3d36-4db3-b7fe-847126706de8\" aria-details=\"f805c0fb-3d36-4db3-b7fe-847126706de8\" aria-expanded=\"false\" data-mark-annotation-state=\"active\" data-has-focus=\"false\" data-is-hovered=\"false\">werden Platzhalter als Beschriftungen (Labels) verwendet. <\/mark><\/p><\/li><\/ul><p data-local-id=\"3bf7cce1-e93c-43b8-9cd8-8d116bc26aee\" data-prosemirror-content-type=\"node\" data-prosemirror-node-name=\"paragraph\" data-prosemirror-node-block=\"true\">Wir arbeiten kontinuierlich daran, diese Einschr\u00e4nkungen zu beheben und die Website schrittweise zu verbessern.<\/p><p data-local-id=\"fb825b02-4e17-4cb7-966d-f4c5d7afa427\" data-prosemirror-content-type=\"node\" data-prosemirror-node-name=\"paragraph\" data-prosemirror-node-block=\"true\"><strong data-prosemirror-content-type=\"mark\" data-prosemirror-mark-name=\"strong\">3. Pr\u00fcfverfahren<\/strong><br data-prosemirror-content-type=\"node\" data-prosemirror-node-name=\"hardBreak\" data-prosemirror-node-inline=\"true\" \/>Diese Erkl\u00e4rung basiert auf der internen Pr\u00fcfung der Zug\u00e4nglichkeit unserer Websites. Die Ergebnisse k\u00f6nnen in einer freiwilligen Selbstauskunft zur Barrierefreiheit von Produkten (<em data-prosemirror-content-type=\"mark\" data-prosemirror-mark-name=\"em\">Voluntary Product Accessibility Template\u00ae, VPAT\u00ae<\/em>) nach EN 301 549 dokumentiert werden.<\/p><p data-local-id=\"6bea6f9a-a4d8-4e4c-97c8-f028940d2abf\" data-prosemirror-content-type=\"node\" data-prosemirror-node-name=\"paragraph\" data-prosemirror-node-block=\"true\"><strong data-prosemirror-content-type=\"mark\" data-prosemirror-mark-name=\"strong\">Hinweis:<\/strong> Die freiwillige Selbstauskunft zur Barrierefreiheit von Produkten (\u201eVoluntary Product Accessibility Template\u201c) und \u201eVPAT\u201c sind eingetragene Dienstleistungsmarken des Information Technology Industry Council (ITI).<\/p><p data-local-id=\"4f23d3f1-4346-4615-b904-2d9dc98afd1c\" data-prosemirror-content-type=\"node\" data-prosemirror-node-name=\"paragraph\" data-prosemirror-node-block=\"true\"><strong data-prosemirror-content-type=\"mark\" data-prosemirror-mark-name=\"strong\">4. Feedback und Kontakt<\/strong><br data-prosemirror-content-type=\"node\" data-prosemirror-node-name=\"hardBreak\" data-prosemirror-node-inline=\"true\" \/>Wenn Sie auf Barrieren sto\u00dfen oder Verbesserungsvorschl\u00e4ge haben, kontaktieren Sie uns bitte:<\/p><p data-local-id=\"48d34fef-ee91-41df-873c-ed12c797a8f7\" data-prosemirror-content-type=\"node\" data-prosemirror-node-name=\"paragraph\" data-prosemirror-node-block=\"true\">E-Mail: <a href=\"mailto:support@sympatient.com\" data-prosemirror-content-type=\"mark\" data-prosemirror-mark-name=\"link\">support@sympatient.com<\/a><br data-prosemirror-content-type=\"node\" data-prosemirror-node-name=\"hardBreak\" data-prosemirror-node-inline=\"true\" \/>Postanschrift:<br \/><em data-prosemirror-content-type=\"mark\" data-prosemirror-mark-name=\"em\">Sympatient GmbH<\/em><br data-prosemirror-content-type=\"node\" data-prosemirror-node-name=\"hardBreak\" data-prosemirror-node-inline=\"true\" \/><em data-prosemirror-content-type=\"mark\" data-prosemirror-mark-name=\"em\">Koppel 34-36<\/em><br data-prosemirror-content-type=\"node\" data-prosemirror-node-name=\"hardBreak\" data-prosemirror-node-inline=\"true\" \/><em data-prosemirror-content-type=\"mark\" data-prosemirror-mark-name=\"em\">20099 Hamburg<\/em><\/p><p data-local-id=\"355b879a-9a36-4bad-a254-b755440970f0\" data-prosemirror-content-type=\"node\" data-prosemirror-node-name=\"paragraph\" data-prosemirror-node-block=\"true\">Wir pr\u00fcfen Ihre R\u00fcckmeldungen und bem\u00fchen uns, Verbesserungen umzusetzen.<\/p><p data-local-id=\"94b46124-4783-40eb-b8d1-e0f0373f4385\" data-prosemirror-content-type=\"node\" data-prosemirror-node-name=\"paragraph\" data-prosemirror-node-block=\"true\"><strong data-prosemirror-content-type=\"mark\" data-prosemirror-mark-name=\"strong\">5. Datum der Erkl\u00e4rung<br \/><\/strong>11.03.2026<\/p><p data-local-id=\"94b46124-4783-40eb-b8d1-e0f0373f4385\" data-prosemirror-content-type=\"node\" data-prosemirror-node-name=\"paragraph\" data-prosemirror-node-block=\"true\">Diese Erkl\u00e4rung wurde zuletzt aktualisiert am 11.03.2026.<\/p><p data-local-id=\"71426cab-027c-422e-bb2f-9eae76b84b5c\" data-prosemirror-content-type=\"node\" data-prosemirror-node-name=\"paragraph\" data-prosemirror-node-block=\"true\"><strong data-prosemirror-content-type=\"mark\" data-prosemirror-mark-name=\"strong\">6. Rechtlicher Hinweis<\/strong><br data-prosemirror-content-type=\"node\" data-prosemirror-node-name=\"hardBreak\" data-prosemirror-node-inline=\"true\" \/>Diese Erkl\u00e4rung gibt den <strong data-prosemirror-content-type=\"mark\" data-prosemirror-mark-name=\"strong\">aktuellen Stand der Barrierefreiheit<\/strong> wieder. Sie zeigt <strong data-prosemirror-content-type=\"mark\" data-prosemirror-mark-name=\"strong\">bekannte Einschr\u00e4nkungen<\/strong> und unser <strong data-prosemirror-content-type=\"mark\" data-prosemirror-mark-name=\"strong\">Engagement zur kontinuierlichen Verbesserung<\/strong>, ohne Anspruch auf Vollst\u00e4ndigkeit oder Garantie.<\/p>\t\t\t\t\t\t\t\t<\/div>\n\t\t\t\t<\/div>\n\t\t\t\t\t<\/div>\n\t\t<\/div>\n\t\t\t\t\t<\/div>\n\t\t<\/section>\n\t\t\t\t<section class=\"elementor-section elementor-top-section elementor-element elementor-element-34f0e4bb elementor-section-boxed elementor-section-height-default elementor-section-height-default\" data-id=\"34f0e4bb\" data-element_type=\"section\" data-e-type=\"section\" data-settings=\"{&quot;background_background&quot;:&quot;classic&quot;}\">\n\t\t\t\t\t\t<div class=\"elementor-container elementor-column-gap-default\">\n\t\t\t\t\t\t<\/div>\n\t\t<\/section>\n\t\t\t\t<section class=\"elementor-section elementor-top-section elementor-element elementor-element-4418d59 elementor-hidden-desktop elementor-hidden-tablet elementor-hidden-mobile elementor-section-boxed elementor-section-height-default elementor-section-height-default\" data-id=\"4418d59\" data-element_type=\"section\" data-e-type=\"section\">\n\t\t\t\t\t\t<div class=\"elementor-container elementor-column-gap-default\">\n\t\t\t\t\t<div class=\"elementor-column elementor-col-100 elementor-top-column elementor-element elementor-element-b49c5e8\" data-id=\"b49c5e8\" data-element_type=\"column\" data-e-type=\"column\">\n\t\t\t<div class=\"elementor-widget-wrap elementor-element-populated\">\n\t\t\t\t\t\t\t<\/div>\n\t\t<\/div>\n\t\t\t\t\t<\/div>\n\t\t<\/section>\n\t\t\t\t<\/div>\n\t\t","protected":false},"excerpt":{"rendered":"<p>Barrierefreiheitserkl\u00e4rung (German) 1. EinleitungSympatient setzt sich daf\u00fcr ein, seine digitalen Angebote so barrierefrei wie m\u00f6glich zu gestalten, um allen Nutzer:innen den gleichberechtigten Zugang zu Informationen und Funktionen zu erm\u00f6glichen. Diese Erkl\u00e4rung gilt f\u00fcr die Website Invirto.de, Beavivo.de, Sympatient.com und orientiert sich an den Vorgaben des European Accessibility Act (EU 2019\/882), der europ\u00e4ischen Norm EN 301 [&hellip;]<\/p>\n","protected":false},"author":17,"featured_media":0,"parent":0,"menu_order":0,"comment_status":"closed","ping_status":"closed","template":"","meta":{"site-sidebar-layout":"no-sidebar","site-content-layout":"page-builder","ast-site-content-layout":"default","site-content-style":"default","site-sidebar-style":"default","ast-global-header-display":"","ast-banner-title-visibility":"","ast-main-header-display":"","ast-hfb-above-header-display":"","ast-hfb-below-header-display":"","ast-hfb-mobile-header-display":"","site-post-title":"disabled","ast-breadcrumbs-content":"","ast-featured-img":"disabled","footer-sml-layout":"","ast-disable-related-posts":"","theme-transparent-header-meta":"default","adv-header-id-meta":"","stick-header-meta":"default","header-above-stick-meta":"","header-main-stick-meta":"","header-below-stick-meta":"","astra-migrate-meta-layouts":"default","ast-page-background-enabled":"default","ast-page-background-meta":{"desktop":{"background-color":"","background-image":"","background-repeat":"repeat","background-position":"center center","background-size":"auto","background-attachment":"scroll","background-type":"","background-media":"","overlay-type":"","overlay-color":"","overlay-opacity":"","overlay-gradient":""},"tablet":{"background-color":"","background-image":"","background-repeat":"repeat","background-position":"center center","background-size":"auto","background-attachment":"scroll","background-type":"","background-media":"","overlay-type":"","overlay-color":"","overlay-opacity":"","overlay-gradient":""},"mobile":{"background-color":"","background-image":"","background-repeat":"repeat","background-position":"center center","background-size":"auto","background-attachment":"scroll","background-type":"","background-media":"","overlay-type":"","overlay-color":"","overlay-opacity":"","overlay-gradient":""}},"ast-content-background-meta":{"desktop":{"background-color":"var(--ast-global-color-5)","background-image":"","background-repeat":"repeat","background-position":"center center","background-size":"auto","background-attachment":"scroll","background-type":"","background-media":"","overlay-type":"","overlay-color":"","overlay-opacity":"","overlay-gradient":""},"tablet":{"background-color":"var(--ast-global-color-5)","background-image":"","background-repeat":"repeat","background-position":"center center","background-size":"auto","background-attachment":"scroll","background-type":"","background-media":"","overlay-type":"","overlay-color":"","overlay-opacity":"","overlay-gradient":""},"mobile":{"background-color":"var(--ast-global-color-5)","background-image":"","background-repeat":"repeat","background-position":"center center","background-size":"auto","background-attachment":"scroll","background-type":"","background-media":"","overlay-type":"","overlay-color":"","overlay-opacity":"","overlay-gradient":""}},"footnotes":""},"class_list":["post-5687","page","type-page","status-publish","hentry"],"yoast_head":"<!-- This site is optimized with the Yoast SEO plugin v27.4 - https:\/\/yoast.com\/product\/yoast-seo-wordpress\/ -->\n<title>Barrierefreiheitserkl\u00e4rung - Sympatient<\/title>\n<meta name=\"robots\" content=\"index, follow, max-snippet:-1, max-image-preview:large, max-video-preview:-1\" \/>\n<link rel=\"canonical\" href=\"https:\/\/sympatient.com\/en\/barrierefreiheitserklaerung\/\" \/>\n<meta property=\"og:locale\" content=\"en_US\" \/>\n<meta property=\"og:type\" content=\"article\" \/>\n<meta property=\"og:title\" content=\"Barrierefreiheitserkl\u00e4rung - Sympatient\" \/>\n<meta property=\"og:description\" content=\"Barrierefreiheitserkl\u00e4rung (German) 1. EinleitungSympatient setzt sich daf\u00fcr ein, seine digitalen Angebote so barrierefrei wie m\u00f6glich zu gestalten, um allen Nutzer:innen den gleichberechtigten Zugang zu Informationen und Funktionen zu erm\u00f6glichen. Diese Erkl\u00e4rung gilt f\u00fcr die Website Invirto.de, Beavivo.de, Sympatient.com und orientiert sich an den Vorgaben des European Accessibility Act (EU 2019\/882), der europ\u00e4ischen Norm EN 301 [&hellip;]\" \/>\n<meta property=\"og:url\" content=\"https:\/\/sympatient.com\/en\/barrierefreiheitserklaerung\/\" \/>\n<meta property=\"og:site_name\" content=\"Sympatient\" \/>\n<meta property=\"article:modified_time\" content=\"2026-03-25T14:39:10+00:00\" \/>\n<meta name=\"twitter:card\" content=\"summary_large_image\" \/>\n<meta name=\"twitter:label1\" content=\"Est. reading time\" \/>\n\t<meta name=\"twitter:data1\" content=\"2 minutes\" \/>\n<script type=\"application\/ld+json\" class=\"yoast-schema-graph\">{\"@context\":\"https:\\\/\\\/schema.org\",\"@graph\":[{\"@type\":\"WebPage\",\"@id\":\"https:\\\/\\\/sympatient.com\\\/en\\\/barrierefreiheitserklaerung\\\/\",\"url\":\"https:\\\/\\\/sympatient.com\\\/en\\\/barrierefreiheitserklaerung\\\/\",\"name\":\"Barrierefreiheitserkl\u00e4rung - Sympatient\",\"isPartOf\":{\"@id\":\"https:\\\/\\\/sympatient.com\\\/#website\"},\"datePublished\":\"2026-03-25T08:28:48+00:00\",\"dateModified\":\"2026-03-25T14:39:10+00:00\",\"breadcrumb\":{\"@id\":\"https:\\\/\\\/sympatient.com\\\/en\\\/barrierefreiheitserklaerung\\\/#breadcrumb\"},\"inLanguage\":\"en-US\",\"potentialAction\":[{\"@type\":\"ReadAction\",\"target\":[\"https:\\\/\\\/sympatient.com\\\/en\\\/barrierefreiheitserklaerung\\\/\"]}]},{\"@type\":\"BreadcrumbList\",\"@id\":\"https:\\\/\\\/sympatient.com\\\/en\\\/barrierefreiheitserklaerung\\\/#breadcrumb\",\"itemListElement\":[{\"@type\":\"ListItem\",\"position\":1,\"name\":\"Home\",\"item\":\"https:\\\/\\\/sympatient.com\\\/en\\\/\"},{\"@type\":\"ListItem\",\"position\":2,\"name\":\"Barrierefreiheitserkl\u00e4rung\"}]},{\"@type\":\"WebSite\",\"@id\":\"https:\\\/\\\/sympatient.com\\\/#website\",\"url\":\"https:\\\/\\\/sympatient.com\\\/\",\"name\":\"Sympatient\",\"description\":\"Virtual Reality for Healthcare\",\"publisher\":{\"@id\":\"https:\\\/\\\/sympatient.com\\\/#organization\"},\"potentialAction\":[{\"@type\":\"SearchAction\",\"target\":{\"@type\":\"EntryPoint\",\"urlTemplate\":\"https:\\\/\\\/sympatient.com\\\/?s={search_term_string}\"},\"query-input\":{\"@type\":\"PropertyValueSpecification\",\"valueRequired\":true,\"valueName\":\"search_term_string\"}}],\"inLanguage\":\"en-US\"},{\"@type\":\"Organization\",\"@id\":\"https:\\\/\\\/sympatient.com\\\/#organization\",\"name\":\"Sympatient\",\"url\":\"https:\\\/\\\/sympatient.com\\\/\",\"logo\":{\"@type\":\"ImageObject\",\"inLanguage\":\"en-US\",\"@id\":\"https:\\\/\\\/sympatient.com\\\/#\\\/schema\\\/logo\\\/image\\\/\",\"url\":\"https:\\\/\\\/sympatient.com\\\/wp-content\\\/uploads\\\/2021\\\/11\\\/Logo.png\",\"contentUrl\":\"https:\\\/\\\/sympatient.com\\\/wp-content\\\/uploads\\\/2021\\\/11\\\/Logo.png\",\"width\":1090,\"height\":230,\"caption\":\"Sympatient\"},\"image\":{\"@id\":\"https:\\\/\\\/sympatient.com\\\/#\\\/schema\\\/logo\\\/image\\\/\"}}]}<\/script>\n<!-- \/ Yoast SEO plugin. -->","yoast_head_json":{"title":"Barrierefreiheitserkl\u00e4rung - Sympatient","robots":{"index":"index","follow":"follow","max-snippet":"max-snippet:-1","max-image-preview":"max-image-preview:large","max-video-preview":"max-video-preview:-1"},"canonical":"https:\/\/sympatient.com\/en\/barrierefreiheitserklaerung\/","og_locale":"en_US","og_type":"article","og_title":"Barrierefreiheitserkl\u00e4rung - Sympatient","og_description":"Barrierefreiheitserkl\u00e4rung (German) 1. EinleitungSympatient setzt sich daf\u00fcr ein, seine digitalen Angebote so barrierefrei wie m\u00f6glich zu gestalten, um allen Nutzer:innen den gleichberechtigten Zugang zu Informationen und Funktionen zu erm\u00f6glichen. Diese Erkl\u00e4rung gilt f\u00fcr die Website Invirto.de, Beavivo.de, Sympatient.com und orientiert sich an den Vorgaben des European Accessibility Act (EU 2019\/882), der europ\u00e4ischen Norm EN 301 [&hellip;]","og_url":"https:\/\/sympatient.com\/en\/barrierefreiheitserklaerung\/","og_site_name":"Sympatient","article_modified_time":"2026-03-25T14:39:10+00:00","twitter_card":"summary_large_image","twitter_misc":{"Est. reading time":"2 minutes"},"schema":{"@context":"https:\/\/schema.org","@graph":[{"@type":"WebPage","@id":"https:\/\/sympatient.com\/en\/barrierefreiheitserklaerung\/","url":"https:\/\/sympatient.com\/en\/barrierefreiheitserklaerung\/","name":"Barrierefreiheitserkl\u00e4rung - Sympatient","isPartOf":{"@id":"https:\/\/sympatient.com\/#website"},"datePublished":"2026-03-25T08:28:48+00:00","dateModified":"2026-03-25T14:39:10+00:00","breadcrumb":{"@id":"https:\/\/sympatient.com\/en\/barrierefreiheitserklaerung\/#breadcrumb"},"inLanguage":"en-US","potentialAction":[{"@type":"ReadAction","target":["https:\/\/sympatient.com\/en\/barrierefreiheitserklaerung\/"]}]},{"@type":"BreadcrumbList","@id":"https:\/\/sympatient.com\/en\/barrierefreiheitserklaerung\/#breadcrumb","itemListElement":[{"@type":"ListItem","position":1,"name":"Home","item":"https:\/\/sympatient.com\/en\/"},{"@type":"ListItem","position":2,"name":"Barrierefreiheitserkl\u00e4rung"}]},{"@type":"WebSite","@id":"https:\/\/sympatient.com\/#website","url":"https:\/\/sympatient.com\/","name":"Sympatient","description":"Virtual Reality for Healthcare","publisher":{"@id":"https:\/\/sympatient.com\/#organization"},"potentialAction":[{"@type":"SearchAction","target":{"@type":"EntryPoint","urlTemplate":"https:\/\/sympatient.com\/?s={search_term_string}"},"query-input":{"@type":"PropertyValueSpecification","valueRequired":true,"valueName":"search_term_string"}}],"inLanguage":"en-US"},{"@type":"Organization","@id":"https:\/\/sympatient.com\/#organization","name":"Sympatient","url":"https:\/\/sympatient.com\/","logo":{"@type":"ImageObject","inLanguage":"en-US","@id":"https:\/\/sympatient.com\/#\/schema\/logo\/image\/","url":"https:\/\/sympatient.com\/wp-content\/uploads\/2021\/11\/Logo.png","contentUrl":"https:\/\/sympatient.com\/wp-content\/uploads\/2021\/11\/Logo.png","width":1090,"height":230,"caption":"Sympatient"},"image":{"@id":"https:\/\/sympatient.com\/#\/schema\/logo\/image\/"}}]}},"_links":{"self":[{"href":"https:\/\/sympatient.com\/en\/wp-json\/wp\/v2\/pages\/5687","targetHints":{"allow":["GET"]}}],"collection":[{"href":"https:\/\/sympatient.com\/en\/wp-json\/wp\/v2\/pages"}],"about":[{"href":"https:\/\/sympatient.com\/en\/wp-json\/wp\/v2\/types\/page"}],"author":[{"embeddable":true,"href":"https:\/\/sympatient.com\/en\/wp-json\/wp\/v2\/users\/17"}],"replies":[{"embeddable":true,"href":"https:\/\/sympatient.com\/en\/wp-json\/wp\/v2\/comments?post=5687"}],"version-history":[{"count":13,"href":"https:\/\/sympatient.com\/en\/wp-json\/wp\/v2\/pages\/5687\/revisions"}],"predecessor-version":[{"id":5770,"href":"https:\/\/sympatient.com\/en\/wp-json\/wp\/v2\/pages\/5687\/revisions\/5770"}],"wp:attachment":[{"href":"https:\/\/sympatient.com\/en\/wp-json\/wp\/v2\/media?parent=5687"}],"curies":[{"name":"wp","href":"https:\/\/api.w.org\/{rel}","templated":true}]}}